{"id":3875,"date":"2024-04-05T22:31:05","date_gmt":"2024-04-05T20:31:05","guid":{"rendered":"https:\/\/fusionbionic.com\/?page_id=3875"},"modified":"2024-04-29T09:23:11","modified_gmt":"2024-04-29T07:23:11","slug":"agb","status":"publish","type":"page","link":"https:\/\/fusionbionic.com\/en\/agb\/","title":{"rendered":"allgemeine gesch\u00e4ftsbedingungen"},"content":{"rendered":"<div data-elementor-type=\"wp-page\" data-elementor-id=\"3875\" class=\"elementor elementor-3875\">\n\t\t\t\t\t\t<div class=\"elementor-inner\">\n\t\t\t\t<div class=\"elementor-section-wrap\">\n\t\t\t\t\t\t\t\t\t<section class=\"elementor-section elementor-top-section elementor-element elementor-element-80aa8e8 elementor-section-height-min-height elementor-section-boxed elementor-section-height-default elementor-section-items-middle\" data-id=\"80aa8e8\" data-element_type=\"section\" data-settings=\"{&quot;background_background&quot;:&quot;gradient&quot;}\">\n\t\t\t\t\t\t<div class=\"elementor-container elementor-column-gap-no\">\n\t\t\t\t\t\t\t<div class=\"elementor-row\">\n\t\t\t\t\t<div class=\"elementor-column elementor-col-100 elementor-top-column elementor-element elementor-element-84ff12e\" data-id=\"84ff12e\" data-element_type=\"column\">\n\t\t\t<div class=\"elementor-column-wrap elementor-element-populated\">\n\t\t\t\t\t\t\t<div class=\"elementor-widget-wrap\">\n\t\t\t\t\t\t<div class=\"elementor-element elementor-element-739e8d5 elementor-widget elementor-widget-heading\" data-id=\"739e8d5\" data-element_type=\"widget\" data-widget_type=\"heading.default\">\n\t\t\t\t<div class=\"elementor-widget-container\">\n\t\t\t<h2 class=\"elementor-heading-title elementor-size-default\">General Terms and Conditions<\/h2>\t\t<\/div>\n\t\t\t\t<\/div>\n\t\t\t\t\t\t<\/div>\n\t\t\t\t\t<\/div>\n\t\t<\/div>\n\t\t\t\t\t\t\t\t<\/div>\n\t\t\t\t\t<\/div>\n\t\t<\/section>\n\t\t\t\t<section class=\"elementor-section elementor-top-section elementor-element elementor-element-1041ea7 elementor-section-boxed elementor-section-height-default elementor-section-height-default\" data-id=\"1041ea7\" data-element_type=\"section\">\n\t\t\t\t\t\t<div class=\"elementor-container elementor-column-gap-no\">\n\t\t\t\t\t\t\t<div class=\"elementor-row\">\n\t\t\t\t\t<div class=\"elementor-column elementor-col-100 elementor-top-column elementor-element elementor-element-a98a74d\" data-id=\"a98a74d\" data-element_type=\"column\">\n\t\t\t<div class=\"elementor-column-wrap elementor-element-populated\">\n\t\t\t\t\t\t\t<div class=\"elementor-widget-wrap\">\n\t\t\t\t\t\t<div class=\"elementor-element elementor-element-f622512 elementor-widget elementor-widget-heading\" data-id=\"f622512\" data-element_type=\"widget\" data-widget_type=\"heading.default\">\n\t\t\t\t<div class=\"elementor-widget-container\">\n\t\t\t<h2 class=\"elementor-heading-title elementor-size-default\"><span><\/span>Offer Validity<\/h2>\t\t<\/div>\n\t\t\t\t<\/div>\n\t\t\t\t<div class=\"elementor-element elementor-element-ce43c0e elementor-widget elementor-widget-text-editor\" data-id=\"ce43c0e\" data-element_type=\"widget\" data-widget_type=\"text-editor.default\">\n\t\t\t\t<div class=\"elementor-widget-container\">\n\t\t\t\t\t\t\t\t<div class=\"elementor-text-editor elementor-clearfix\">\n\t\t\t\t<p>Offers from Fusion Bionic GmbH are binding for 14 days. At the end of this period, Fusion Bionic may submit a new offer to the customer.<\/p>\t\t\t\t\t<\/div>\n\t\t\t\t\t\t<\/div>\n\t\t\t\t<\/div>\n\t\t\t\t<div class=\"elementor-element elementor-element-20b5511 elementor-widget elementor-widget-heading\" data-id=\"20b5511\" data-element_type=\"widget\" data-widget_type=\"heading.default\">\n\t\t\t\t<div class=\"elementor-widget-container\">\n\t\t\t<h2 class=\"elementor-heading-title elementor-size-default\"><span><\/span>Subject matter of the order<\/h2>\t\t<\/div>\n\t\t\t\t<\/div>\n\t\t\t\t<div class=\"elementor-element elementor-element-b2f2a9c elementor-widget elementor-widget-text-editor\" data-id=\"b2f2a9c\" data-element_type=\"widget\" data-widget_type=\"text-editor.default\">\n\t\t\t\t<div class=\"elementor-widget-container\">\n\t\t\t\t\t\t\t\t<div class=\"elementor-text-editor elementor-clearfix\">\n\t\t\t\t<p><span style=\"color: var( --e-global-color-text );\">The subject matter of the contract results from \nthe services described in the offer.<\/span><\/p><p><span style=\"color: var( --e-global-color-text );\">Fusion Bionic conducts research and development in the field of surface structuring and enters new technological territory. The parties agree that Fusion Bionic does not owe any technological success or the achievement of specific development goals.<\/span><\/p>\t\t\t\t\t<\/div>\n\t\t\t\t\t\t<\/div>\n\t\t\t\t<\/div>\n\t\t\t\t<div class=\"elementor-element elementor-element-496b409 elementor-widget elementor-widget-heading\" data-id=\"496b409\" data-element_type=\"widget\" data-widget_type=\"heading.default\">\n\t\t\t\t<div class=\"elementor-widget-container\">\n\t\t\t<h2 class=\"elementor-heading-title elementor-size-default\"><span><\/span>Delivery costs<\/h2>\t\t<\/div>\n\t\t\t\t<\/div>\n\t\t\t\t<div class=\"elementor-element elementor-element-110b752 elementor-widget elementor-widget-text-editor\" data-id=\"110b752\" data-element_type=\"widget\" data-widget_type=\"text-editor.default\">\n\t\t\t\t<div class=\"elementor-widget-container\">\n\t\t\t\t\t\t\t\t<div class=\"elementor-text-editor elementor-clearfix\">\n\t\t\t\t<p>Freight and insurance costs for delivered samples and products will be invoiced separately.<br><\/p>\t\t\t\t\t<\/div>\n\t\t\t\t\t\t<\/div>\n\t\t\t\t<\/div>\n\t\t\t\t<div class=\"elementor-element elementor-element-b8364c8 elementor-widget elementor-widget-heading\" data-id=\"b8364c8\" data-element_type=\"widget\" data-widget_type=\"heading.default\">\n\t\t\t\t<div class=\"elementor-widget-container\">\n\t\t\t<h2 class=\"elementor-heading-title elementor-size-default\"><span><\/span>Order extension; Order adjustment <\/h2>\t\t<\/div>\n\t\t\t\t<\/div>\n\t\t\t\t<div class=\"elementor-element elementor-element-3dafdec elementor-widget elementor-widget-text-editor\" data-id=\"3dafdec\" data-element_type=\"widget\" data-widget_type=\"text-editor.default\">\n\t\t\t\t<div class=\"elementor-widget-container\">\n\t\t\t\t\t\t\t\t<div class=\"elementor-text-editor elementor-clearfix\">\n\t\t\t\t<p class=\" translation-block\">If the customer requests changes during the execution of the project, e.g. new or different materials or a new or different processing of  the materials, and if these changes result in significant additional work for Fusion Bionic, Fusion Bionic is entitled to make an additional offer. Such quotation shall include a description of the additional work required and the associated costs. Work on the project will not continue until the customer has accepted the additional offer, at least in writing, and has made any agreed-upon advance payment.<\/p><p>Same shall apply if the customer requests improvements to the quality of processing that go beyond originally agreed scope and involve substantial additional work for the Supplier. In this case too, the contractor must submit an additional offer, which the customer must confirm in writing before additional work can begin. This does not apply in case of warranty for defects.<\/p><p>Considerable additional work is deemed to have been incurred if changes or improvements require a significant reorganization of previous planning or a significant additional expenditure of time.<\/p>\t\t\t\t\t<\/div>\n\t\t\t\t\t\t<\/div>\n\t\t\t\t<\/div>\n\t\t\t\t<div class=\"elementor-element elementor-element-34a6cad elementor-widget elementor-widget-heading\" data-id=\"34a6cad\" data-element_type=\"widget\" data-widget_type=\"heading.default\">\n\t\t\t\t<div class=\"elementor-widget-container\">\n\t\t\t<h2 class=\"elementor-heading-title elementor-size-default\"><span><\/span>Changes to agreed services<\/h2>\t\t<\/div>\n\t\t\t\t<\/div>\n\t\t\t\t<div class=\"elementor-element elementor-element-60f7e4f elementor-widget elementor-widget-text-editor\" data-id=\"60f7e4f\" data-element_type=\"widget\" data-widget_type=\"text-editor.default\">\n\t\t\t\t<div class=\"elementor-widget-container\">\n\t\t\t\t\t\t\t\t<div class=\"elementor-text-editor elementor-clearfix\">\n\t\t\t\t<p>Should it become apparent during execution of the contract that Fusion Bionic needs to make changes to services already agreed for development work compared to the plan, the contracting parties agree as follows:<\/p><p>If Fusion Bionic is responsible for necessary changes in performance, it will adjust its performance accordingly at its own expense.<\/p><p>In cases in which the customer is responsible for a necessary change in performance, Fusion Bionic may demand the conclusion of a written change agreement prior to the change of individual services, in which in particular the question of an appropriate additional remuneration and the change of date is to be regulated. Without such an agreement, the subject matter of the contract shall remain unchanged.<\/p><p>In all other cases, Fusion Bionic may demand the conclusion of a written modification agreement prior to the modification of individual services, in which, in particular, the question of additional remuneration and the modification of the deadline are to be regulated. Without such an agreement, the subject matter of the contract shall remain unchanged.<\/p>\t\t\t\t\t<\/div>\n\t\t\t\t\t\t<\/div>\n\t\t\t\t<\/div>\n\t\t\t\t<div class=\"elementor-element elementor-element-650d7c7 elementor-widget elementor-widget-heading\" data-id=\"650d7c7\" data-element_type=\"widget\" data-widget_type=\"heading.default\">\n\t\t\t\t<div class=\"elementor-widget-container\">\n\t\t\t<h2 class=\"elementor-heading-title elementor-size-default\"><span><\/span>Duty to cooperate<\/h2>\t\t<\/div>\n\t\t\t\t<\/div>\n\t\t\t\t<div class=\"elementor-element elementor-element-c249f8d elementor-widget elementor-widget-text-editor\" data-id=\"c249f8d\" data-element_type=\"widget\" data-widget_type=\"text-editor.default\">\n\t\t\t\t<div class=\"elementor-widget-container\">\n\t\t\t\t\t\t\t\t<div class=\"elementor-text-editor elementor-clearfix\">\n\t\t\t\t<p>Der Kunde liefert Fusion Bionic zus\u00e4tzlich zu den Demonstrationsmustern mindestens 3 Substrate zu Testzwecken (im Folgenden Test<span style=\"color: var( --e-global-color-text );\">muster) mit der gleichen Oberfl\u00e4chenbeschaffenheit und den gleichen Abmessungen wie die\u00a0<\/span><span style=\"color: var( --e-global-color-text );\">endg\u00fcltigen\u00a0<\/span><span style=\"color: var( --e-global-color-text );\">Demonstratoren. Sofern mehr als\u00a0<\/span><span style=\"color: var( --e-global-color-text );\">drei Testmuster ben\u00f6tigt werden, wird Fusion\u00a0<\/span><span style=\"color: var( --e-global-color-text );\">Bionic den Kunden unverz\u00fcglich darauf hinweisen. Im Falle einer unzureichenden Anzahl von\u00a0<\/span><span style=\"color: var( --e-global-color-text );\">Testmustern kann es zu Einschr\u00e4nkungen bei\u00a0<\/span><span style=\"color: var( --e-global-color-text );\">der erreichbaren Oberfl\u00e4chenfunktion sowie\u00a0<\/span><span style=\"color: var( --e-global-color-text );\">der Anzahl der endg\u00fcltigen Demonstrationsmuster kommen. Die Testmuster dienen grunds\u00e4tzlich auch der Feinabstimmung in der Produktion und der Kommunikation zwischen Fusion Bionic und dem Kunden sowie der Pr\u00fcfung\u00a0<\/span><span style=\"color: var( --e-global-color-text );\">von Material und Produktionsm\u00f6glichkeiten. Ein\u00a0<\/span><span style=\"color: var( --e-global-color-text );\">Rechtsanspruch auf verwendbare Erstmuster\u00a0<\/span><span style=\"color: var( --e-global-color-text );\">und deren Funktionsf\u00e4higkeit sind ausgeschlossen.<\/span><\/p><p><span style=\"color: var( --e-global-color-text );\">Der Kunde hat Fusion Bionic \u00fcber unerw\u00fcnschte Nebenwirkungen der Laserbehandlung (wie z.B. Farbver\u00e4nderung, Oxidation o.\u00e4.)\u00a0<\/span><span style=\"color: var( --e-global-color-text );\">sowie \u00fcber besondere Handhabungs- und Reinigungsma\u00dfnahmen zu informieren.<\/span><\/p>\t\t\t\t\t<\/div>\n\t\t\t\t\t\t<\/div>\n\t\t\t\t<\/div>\n\t\t\t\t<div class=\"elementor-element elementor-element-5ce1dc1 elementor-widget elementor-widget-heading\" data-id=\"5ce1dc1\" data-element_type=\"widget\" data-widget_type=\"heading.default\">\n\t\t\t\t<div class=\"elementor-widget-container\">\n\t\t\t<h2 class=\"elementor-heading-title elementor-size-default\"><span><\/span>Delivery period<\/h2>\t\t<\/div>\n\t\t\t\t<\/div>\n\t\t\t\t<div class=\"elementor-element elementor-element-ec5ebc2 elementor-widget elementor-widget-text-editor\" data-id=\"ec5ebc2\" data-element_type=\"widget\" data-widget_type=\"text-editor.default\">\n\t\t\t\t<div class=\"elementor-widget-container\">\n\t\t\t\t\t\t\t\t<div class=\"elementor-text-editor elementor-clearfix\">\n\t\t\t\t<p class=\" translation-block\">The delivery period for the services\/goods specified in the contract shall commence  upon the customer's approval in text form of the test samples processed by Fusion Bionic. The processing of the test samples will take approximately 10 weeks. Fusion Bionic undertakes to commence processing of the actual contractual items immediately upon receipt of this approval.<\/p><p>The agreed delivery time is approximately 6 weeks from the date of approval. Fusion Bionic will use reasonable efforts to deliver the Contract Products within this period. The parties acknowledge that compliance with the delivery period depends on the timely and complete provision of all necessary information, materials and approvals by the customer.<\/p><p class=\" translation-block\">If delivery deadline is likely to be exceeded due to circumstances beyond the Contractor's control (e.g. force majeure, supply bottlenecks) or due to subsequent change requests by the customer, the Contractor shall inform the customer immediately in text form. The notification shall contain the reasons for the delay and a new expected delivery date. Force majeure shall be understood to mean events that are neither foreseeable nor avoidable with reasonable care, such as natural disasters, war, terrorism, epidemics, pandemics, plant closures through no fault of the Contractor or similar.<\/p><p>In case of a delay caused exclusively by Fusion Bionic and amounting to more than 10% of the originally agreed delivery period, the customer has the right to set a reasonable grace period of at least two weeks. If this grace period expires without result, the customer is entitled to the statutory warranty rights.\nChanges to the delivery period and the scope of the contractual items to be delivered require the agreement of both parties in text form. Reference is made to the point \"Extension of order\" <\/p>\t\t\t\t\t<\/div>\n\t\t\t\t\t\t<\/div>\n\t\t\t\t<\/div>\n\t\t\t\t<div class=\"elementor-element elementor-element-109bb91 elementor-widget elementor-widget-heading\" data-id=\"109bb91\" data-element_type=\"widget\" data-widget_type=\"heading.default\">\n\t\t\t\t<div class=\"elementor-widget-container\">\n\t\t\t<h2 class=\"elementor-heading-title elementor-size-default\"><span><\/span>Liability; Third Party Rights<\/h2>\t\t<\/div>\n\t\t\t\t<\/div>\n\t\t\t\t<div class=\"elementor-element elementor-element-2353a6c elementor-widget elementor-widget-text-editor\" data-id=\"2353a6c\" data-element_type=\"widget\" data-widget_type=\"text-editor.default\">\n\t\t\t\t<div class=\"elementor-widget-container\">\n\t\t\t\t\t\t\t\t<div class=\"elementor-text-editor elementor-clearfix\">\n\t\t\t\t<p>Fusion Bionic has limited liability for damages caused by slight negligence. In this respect, liability exists only in the event of a breach of material contractual obligations and is limited to the amount of typical damages foreseeable at the time the contract was concluded. Essential contractual obligations are those whose fulfillment is essential for the proper execution of the contract and on whose compliance the contractual partner regularly relies and may rely.<\/p><p>Fusion Bionic is not liable for the economic, entrepreneurial or other success of the customer.<\/p><p>Except in the case of positive knowledge and\/or grossly negligent ignorance, the respective contractual partner is not liable under this contract for the infringement of third party rights.<\/p><p>Fusion Bionic haftet ferner au\u00dfer bei positiver\u00a0<span style=\"color: var( --e-global-color-text );\">Kenntnis oder grob fahrl\u00e4ssiger Unkenntnis\u00a0<\/span><span style=\"color: var( --e-global-color-text );\">nicht f\u00fcr Eignungsm\u00e4ngel, wie etwa fehlende technische Ausf\u00fchrbarkeit oder Verwendbarkeit.<\/span><\/p><p><span style=\"color: var( --e-global-color-text );\">The limitation of liability is excluded if Fusion \nBionic fraudulently conceals a defect, in the case of injury to life, body or health, if an injury was caused intentionally or by gross negligence, and in the case of liability under the Product Liability Act.<\/span><\/p>\t\t\t\t\t<\/div>\n\t\t\t\t\t\t<\/div>\n\t\t\t\t<\/div>\n\t\t\t\t<div class=\"elementor-element elementor-element-96fe6ba elementor-widget elementor-widget-heading\" data-id=\"96fe6ba\" data-element_type=\"widget\" data-widget_type=\"heading.default\">\n\t\t\t\t<div class=\"elementor-widget-container\">\n\t\t\t<h2 class=\"elementor-heading-title elementor-size-default\"><span><\/span>Statue of limitation<\/h2>\t\t<\/div>\n\t\t\t\t<\/div>\n\t\t\t\t<div class=\"elementor-element elementor-element-3161dec elementor-widget elementor-widget-text-editor\" data-id=\"3161dec\" data-element_type=\"widget\" data-widget_type=\"text-editor.default\">\n\t\t\t\t<div class=\"elementor-widget-container\">\n\t\t\t\t\t\t\t\t<div class=\"elementor-text-editor elementor-clearfix\">\n\t\t\t\t<p>These claims expire 1 year after receipt of the goods or acceptance of the service by the customer.<\/p>\t\t\t\t\t<\/div>\n\t\t\t\t\t\t<\/div>\n\t\t\t\t<\/div>\n\t\t\t\t<div class=\"elementor-element elementor-element-848158a elementor-widget elementor-widget-heading\" data-id=\"848158a\" data-element_type=\"widget\" data-widget_type=\"heading.default\">\n\t\t\t\t<div class=\"elementor-widget-container\">\n\t\t\t<h2 class=\"elementor-heading-title elementor-size-default\"><span><\/span>Applicable law, Place of jurisdiction<\/h2>\t\t<\/div>\n\t\t\t\t<\/div>\n\t\t\t\t<div class=\"elementor-element elementor-element-c3f31de elementor-widget elementor-widget-text-editor\" data-id=\"c3f31de\" data-element_type=\"widget\" data-widget_type=\"text-editor.default\">\n\t\t\t\t<div class=\"elementor-widget-container\">\n\t\t\t\t\t\t\t\t<div class=\"elementor-text-editor elementor-clearfix\">\n\t\t\t\t<p class=\" translation-block\">German law shall apply to the exclusion of the UN Convention on Contracts for the International Sale of Goods and German private international law.\nFor all disputes resulting from or in connection with this contract, the courts in Dresden shall have exclusive jurisdiction.<\/p>\t\t\t\t\t<\/div>\n\t\t\t\t\t\t<\/div>\n\t\t\t\t<\/div>\n\t\t\t\t\t\t<\/div>\n\t\t\t\t\t<\/div>\n\t\t<\/div>\n\t\t\t\t\t\t\t\t<\/div>\n\t\t\t\t\t<\/div>\n\t\t<\/section>\n\t\t\t\t\t\t\t\t\t<\/div>\n\t\t\t<\/div>\n\t\t\t\t\t<\/div>","protected":false},"excerpt":{"rendered":"<p>Allgemeine Gesch\u00e4ftsbedingungen Angebotsg\u00fcltigkeit Angebote der Fusion Bionic GmbH sind 14 Tage lang bindend. Nach Ablauf dieser Frist ist Fusion Bionic berechtigt, dem Kunden ein neues Angebot zu unterbreiten. Auftragsgegenstand Der Auftragsgegenstand ergibt sich aus den Leistungen aus dem Angebot. Fusion Bionic f\u00fchrt Forschungs- und Entwicklungsarbeiten auf dem Gebiet der Oberfl\u00e4chenstrukturierung durch und betritt technologisches Neuland. [&hellip;]<\/p>","protected":false},"author":2,"featured_media":0,"parent":0,"menu_order":0,"comment_status":"closed","ping_status":"closed","template":"","meta":{"footnotes":""},"class_list":["post-3875","page","type-page","status-publish","hentry"],"yoast_head":"<!-- This site is optimized with the Yoast SEO plugin v20.13 - https:\/\/yoast.com\/wordpress\/plugins\/seo\/ -->\n<title>FUSIONBIONIC - Datenschutz<\/title>\n<meta name=\"description\" content=\"Datenschutz\" \/>\n<meta name=\"robots\" content=\"index, follow, max-snippet:-1, max-image-preview:large, max-video-preview:-1\" \/>\n<link rel=\"canonical\" href=\"https:\/\/fusionbionic.com\/en\/agb\/\" \/>\n<meta property=\"og:locale\" content=\"en_US\" \/>\n<meta property=\"og:type\" content=\"article\" \/>\n<meta property=\"og:title\" content=\"FUSIONBIONIC - Datenschutz\" \/>\n<meta property=\"og:description\" content=\"Datenschutz\" \/>\n<meta property=\"og:url\" content=\"https:\/\/fusionbionic.com\/en\/agb\/\" \/>\n<meta property=\"og:site_name\" content=\"FUSIONBIONIC\" \/>\n<meta property=\"article:modified_time\" content=\"2024-04-29T07:23:11+00:00\" \/>\n<meta name=\"twitter:card\" content=\"summary_large_image\" \/>\n<meta name=\"twitter:site\" content=\"@FusionBionic\" \/>\n<meta name=\"twitter:label1\" content=\"Est. reading time\" \/>\n\t<meta name=\"twitter:data1\" content=\"6 minutes\" \/>\n<script type=\"application\/ld+json\" class=\"yoast-schema-graph\">{\"@context\":\"https:\/\/schema.org\",\"@graph\":[{\"@type\":\"WebPage\",\"@id\":\"https:\/\/fusionbionic.com\/agb\/\",\"url\":\"https:\/\/fusionbionic.com\/agb\/\",\"name\":\"FUSIONBIONIC - Datenschutz\",\"isPartOf\":{\"@id\":\"https:\/\/fusionbionic.com\/#website\"},\"datePublished\":\"2024-04-05T20:31:05+00:00\",\"dateModified\":\"2024-04-29T07:23:11+00:00\",\"description\":\"Datenschutz\",\"breadcrumb\":{\"@id\":\"https:\/\/fusionbionic.com\/agb\/#breadcrumb\"},\"inLanguage\":\"en-US\",\"potentialAction\":[{\"@type\":\"ReadAction\",\"target\":[\"https:\/\/fusionbionic.com\/agb\/\"]}]},{\"@type\":\"BreadcrumbList\",\"@id\":\"https:\/\/fusionbionic.com\/agb\/#breadcrumb\",\"itemListElement\":[{\"@type\":\"ListItem\",\"position\":1,\"name\":\"Startseite\",\"item\":\"https:\/\/fusionbionic.com\/\"},{\"@type\":\"ListItem\",\"position\":2,\"name\":\"allgemeine gesch\u00e4ftsbedingungen\"}]},{\"@type\":\"WebSite\",\"@id\":\"https:\/\/fusionbionic.com\/#website\",\"url\":\"https:\/\/fusionbionic.com\/\",\"name\":\"FUSIONBIONIC\",\"description\":\"\",\"publisher\":{\"@id\":\"https:\/\/fusionbionic.com\/#organization\"},\"potentialAction\":[{\"@type\":\"SearchAction\",\"target\":{\"@type\":\"EntryPoint\",\"urlTemplate\":\"https:\/\/fusionbionic.com\/?s={search_term_string}\"},\"query-input\":\"required name=search_term_string\"}],\"inLanguage\":\"en-US\"},{\"@type\":\"Organization\",\"@id\":\"https:\/\/fusionbionic.com\/#organization\",\"name\":\"Fusion Bionic\",\"url\":\"https:\/\/fusionbionic.com\/\",\"logo\":{\"@type\":\"ImageObject\",\"inLanguage\":\"en-US\",\"@id\":\"https:\/\/fusionbionic.com\/#\/schema\/logo\/image\/\",\"url\":\"https:\/\/fusionbionic.com\/wp-content\/uploads\/2022\/02\/211110_FB_Logo_RGB_Original.png\",\"contentUrl\":\"https:\/\/fusionbionic.com\/wp-content\/uploads\/2022\/02\/211110_FB_Logo_RGB_Original.png\",\"width\":1000,\"height\":400,\"caption\":\"Fusion Bionic\"},\"image\":{\"@id\":\"https:\/\/fusionbionic.com\/#\/schema\/logo\/image\/\"},\"sameAs\":[\"https:\/\/twitter.com\/FusionBionic\",\"http:\/\/www.linkedin.com\/company\/fusion-bionic-gmbh\/\"]}]}<\/script>\n<!-- \/ Yoast SEO plugin. -->","yoast_head_json":{"title":"FUSIONBIONIC - Datenschutz","description":"Datenschutz","robots":{"index":"index","follow":"follow","max-snippet":"max-snippet:-1","max-image-preview":"max-image-preview:large","max-video-preview":"max-video-preview:-1"},"canonical":"https:\/\/fusionbionic.com\/en\/agb\/","og_locale":"en_US","og_type":"article","og_title":"FUSIONBIONIC - Datenschutz","og_description":"Datenschutz","og_url":"https:\/\/fusionbionic.com\/en\/agb\/","og_site_name":"FUSIONBIONIC","article_modified_time":"2024-04-29T07:23:11+00:00","twitter_card":"summary_large_image","twitter_site":"@FusionBionic","twitter_misc":{"Est. reading time":"6 minutes"},"schema":{"@context":"https:\/\/schema.org","@graph":[{"@type":"WebPage","@id":"https:\/\/fusionbionic.com\/agb\/","url":"https:\/\/fusionbionic.com\/agb\/","name":"FUSIONBIONIC - Datenschutz","isPartOf":{"@id":"https:\/\/fusionbionic.com\/#website"},"datePublished":"2024-04-05T20:31:05+00:00","dateModified":"2024-04-29T07:23:11+00:00","description":"Datenschutz","breadcrumb":{"@id":"https:\/\/fusionbionic.com\/agb\/#breadcrumb"},"inLanguage":"en-US","potentialAction":[{"@type":"ReadAction","target":["https:\/\/fusionbionic.com\/agb\/"]}]},{"@type":"BreadcrumbList","@id":"https:\/\/fusionbionic.com\/agb\/#breadcrumb","itemListElement":[{"@type":"ListItem","position":1,"name":"Startseite","item":"https:\/\/fusionbionic.com\/"},{"@type":"ListItem","position":2,"name":"allgemeine gesch\u00e4ftsbedingungen"}]},{"@type":"WebSite","@id":"https:\/\/fusionbionic.com\/#website","url":"https:\/\/fusionbionic.com\/","name":"FUSIONBIONIC","description":"","publisher":{"@id":"https:\/\/fusionbionic.com\/#organization"},"potentialAction":[{"@type":"SearchAction","target":{"@type":"EntryPoint","urlTemplate":"https:\/\/fusionbionic.com\/?s={search_term_string}"},"query-input":"required name=search_term_string"}],"inLanguage":"en-US"},{"@type":"Organization","@id":"https:\/\/fusionbionic.com\/#organization","name":"Fusion Bionic","url":"https:\/\/fusionbionic.com\/","logo":{"@type":"ImageObject","inLanguage":"en-US","@id":"https:\/\/fusionbionic.com\/#\/schema\/logo\/image\/","url":"https:\/\/fusionbionic.com\/wp-content\/uploads\/2022\/02\/211110_FB_Logo_RGB_Original.png","contentUrl":"https:\/\/fusionbionic.com\/wp-content\/uploads\/2022\/02\/211110_FB_Logo_RGB_Original.png","width":1000,"height":400,"caption":"Fusion Bionic"},"image":{"@id":"https:\/\/fusionbionic.com\/#\/schema\/logo\/image\/"},"sameAs":["https:\/\/twitter.com\/FusionBionic","http:\/\/www.linkedin.com\/company\/fusion-bionic-gmbh\/"]}]}},"_links":{"self":[{"href":"https:\/\/fusionbionic.com\/en\/wp-json\/wp\/v2\/pages\/3875","targetHints":{"allow":["GET"]}}],"collection":[{"href":"https:\/\/fusionbionic.com\/en\/wp-json\/wp\/v2\/pages"}],"about":[{"href":"https:\/\/fusionbionic.com\/en\/wp-json\/wp\/v2\/types\/page"}],"author":[{"embeddable":true,"href":"https:\/\/fusionbionic.com\/en\/wp-json\/wp\/v2\/users\/2"}],"replies":[{"embeddable":true,"href":"https:\/\/fusionbionic.com\/en\/wp-json\/wp\/v2\/comments?post=3875"}],"version-history":[{"count":14,"href":"https:\/\/fusionbionic.com\/en\/wp-json\/wp\/v2\/pages\/3875\/revisions"}],"predecessor-version":[{"id":3894,"href":"https:\/\/fusionbionic.com\/en\/wp-json\/wp\/v2\/pages\/3875\/revisions\/3894"}],"wp:attachment":[{"href":"https:\/\/fusionbionic.com\/en\/wp-json\/wp\/v2\/media?parent=3875"}],"curies":[{"name":"wp","href":"https:\/\/api.w.org\/{rel}","templated":true}]}}