{"id":3933,"date":"2023-04-24T16:54:13","date_gmt":"2023-04-24T14:54:13","guid":{"rendered":"https:\/\/fusionbionic.com\/?page_id=3933"},"modified":"2026-04-24T18:27:50","modified_gmt":"2026-04-24T16:27:50","slug":"foerderprojekte","status":"publish","type":"page","link":"https:\/\/fusionbionic.com\/en\/foerderprojekte\/","title":{"rendered":"F\u00f6rderprojekte"},"content":{"rendered":"<div data-elementor-type=\"wp-page\" data-elementor-id=\"3933\" class=\"elementor elementor-3933\">\n\t\t\t\t\t\t<div class=\"elementor-inner\">\n\t\t\t\t<div class=\"elementor-section-wrap\">\n\t\t\t\t\t\t\t\t\t<section class=\"elementor-section elementor-top-section elementor-element elementor-element-fe9ed80 elementor-section-boxed elementor-section-height-default elementor-section-height-default\" data-id=\"fe9ed80\" data-element_type=\"section\">\n\t\t\t\t\t\t<div class=\"elementor-container elementor-column-gap-default\">\n\t\t\t\t\t\t\t<div class=\"elementor-row\">\n\t\t\t\t\t<div class=\"elementor-column elementor-col-100 elementor-top-column elementor-element elementor-element-678d8d1\" data-id=\"678d8d1\" data-element_type=\"column\">\n\t\t\t<div class=\"elementor-column-wrap elementor-element-populated\">\n\t\t\t\t\t\t\t<div class=\"elementor-widget-wrap\">\n\t\t\t\t\t\t<div class=\"elementor-element elementor-element-06af12d elementor-widget elementor-widget-spacer\" data-id=\"06af12d\" data-element_type=\"widget\" data-widget_type=\"spacer.default\">\n\t\t\t\t<div class=\"elementor-widget-container\">\n\t\t\t\t\t<div class=\"elementor-spacer\">\n\t\t\t<div class=\"elementor-spacer-inner\"><\/div>\n\t\t<\/div>\n\t\t\t\t<\/div>\n\t\t\t\t<\/div>\n\t\t\t\t\t\t<\/div>\n\t\t\t\t\t<\/div>\n\t\t<\/div>\n\t\t\t\t\t\t\t\t<\/div>\n\t\t\t\t\t<\/div>\n\t\t<\/section>\n\t\t\t\t<section class=\"elementor-section elementor-top-section elementor-element elementor-element-2e28828 elementor-section-boxed elementor-section-height-default elementor-section-height-default\" data-id=\"2e28828\" data-element_type=\"section\">\n\t\t\t\t\t\t<div class=\"elementor-container elementor-column-gap-default\">\n\t\t\t\t\t\t\t<div class=\"elementor-row\">\n\t\t\t\t\t<div class=\"elementor-column elementor-col-100 elementor-top-column elementor-element elementor-element-90c01ea\" data-id=\"90c01ea\" data-element_type=\"column\">\n\t\t\t<div class=\"elementor-column-wrap elementor-element-populated\">\n\t\t\t\t\t\t\t<div class=\"elementor-widget-wrap\">\n\t\t\t\t\t\t<div class=\"elementor-element elementor-element-2ffb5b0 elementor-widget elementor-widget-heading\" data-id=\"2ffb5b0\" data-element_type=\"widget\" data-widget_type=\"heading.default\">\n\t\t\t\t<div class=\"elementor-widget-container\">\n\t\t\t<h2 class=\"elementor-heading-title elementor-size-default\">Unsere Forschungsprojekte<\/h2>\t\t<\/div>\n\t\t\t\t<\/div>\n\t\t\t\t\t\t<\/div>\n\t\t\t\t\t<\/div>\n\t\t<\/div>\n\t\t\t\t\t\t\t\t<\/div>\n\t\t\t\t\t<\/div>\n\t\t<\/section>\n\t\t\t\t<section class=\"elementor-section elementor-top-section elementor-element elementor-element-ebcfe0c elementor-section-boxed elementor-section-height-default elementor-section-height-default\" data-id=\"ebcfe0c\" data-element_type=\"section\">\n\t\t\t\t\t\t<div class=\"elementor-container elementor-column-gap-default\">\n\t\t\t\t\t\t\t<div class=\"elementor-row\">\n\t\t\t\t\t<div class=\"elementor-column elementor-col-100 elementor-top-column elementor-element elementor-element-6903e9b\" data-id=\"6903e9b\" data-element_type=\"column\">\n\t\t\t<div class=\"elementor-column-wrap elementor-element-populated\">\n\t\t\t\t\t\t\t<div class=\"elementor-widget-wrap\">\n\t\t\t\t\t\t<section class=\"elementor-section elementor-inner-section elementor-element elementor-element-0521b11 elementor-section-boxed elementor-section-height-default elementor-section-height-default\" data-id=\"0521b11\" data-element_type=\"section\">\n\t\t\t\t\t\t<div class=\"elementor-container elementor-column-gap-default\">\n\t\t\t\t\t\t\t<div class=\"elementor-row\">\n\t\t\t\t\t<div class=\"elementor-column elementor-col-50 elementor-inner-column elementor-element elementor-element-a5a5d72\" data-id=\"a5a5d72\" data-element_type=\"column\">\n\t\t\t<div class=\"elementor-column-wrap elementor-element-populated\">\n\t\t\t\t\t\t\t<div class=\"elementor-widget-wrap\">\n\t\t\t\t\t\t<div class=\"elementor-element elementor-element-5863e58 elementor-widget elementor-widget-heading\" data-id=\"5863e58\" data-element_type=\"widget\" data-widget_type=\"heading.default\">\n\t\t\t\t<div class=\"elementor-widget-container\">\n\t\t\t<h5 class=\"elementor-heading-title elementor-size-default\"><p>Innovation ist kein Zufall<span style=\"font-size: 1.25rem;\"><\/span><\/p><\/h5>\t\t<\/div>\n\t\t\t\t<\/div>\n\t\t\t\t<div class=\"elementor-element elementor-element-8c1bc09 elementor-widget elementor-widget-text-editor\" data-id=\"8c1bc09\" data-element_type=\"widget\" data-widget_type=\"text-editor.default\">\n\t\t\t\t<div class=\"elementor-widget-container\">\n\t\t\t\t\t\t\t\t<div class=\"elementor-text-editor elementor-clearfix\">\n\t\t\t\t<p>Sie entsteht dort, wo physikalisches Verst\u00e4ndnis auf industrielle Umsetzung trifft.<br \/>Unsere F\u00f6rderprojekte sind genau dieser Ort: Hier entwickeln wir Technologien, die naturinspirierte Oberfl\u00e4chenfunktionen skalierbar machen \u2013 pr\u00e4zise, effizient und ohne chemische Prozesse.<\/p><p>Jedes Projekt bringt uns einen Schritt n\u00e4her an die industrielle Nutzung von Biomimikry.<\/p><p>W\u00e4hle ein Projekt und entdecke, wie aus Forschung Anwendung wird.<\/p>\t\t\t\t\t<\/div>\n\t\t\t\t\t\t<\/div>\n\t\t\t\t<\/div>\n\t\t\t\t\t\t<\/div>\n\t\t\t\t\t<\/div>\n\t\t<\/div>\n\t\t\t\t<div class=\"elementor-column elementor-col-50 elementor-inner-column elementor-element elementor-element-023cafd\" data-id=\"023cafd\" data-element_type=\"column\">\n\t\t\t<div class=\"elementor-column-wrap elementor-element-populated\">\n\t\t\t\t\t\t\t<div class=\"elementor-widget-wrap\">\n\t\t\t\t\t\t<div class=\"elementor-element elementor-element-1481d8a elementor--h-position-center elementor--v-position-middle elementor-arrows-position-inside elementor-pagination-position-inside elementor-widget elementor-widget-slides\" data-id=\"1481d8a\" data-element_type=\"widget\" data-settings=\"{&quot;navigation&quot;:&quot;both&quot;,&quot;autoplay&quot;:&quot;yes&quot;,&quot;pause_on_hover&quot;:&quot;yes&quot;,&quot;pause_on_interaction&quot;:&quot;yes&quot;,&quot;autoplay_speed&quot;:5000,&quot;infinite&quot;:&quot;yes&quot;,&quot;transition&quot;:&quot;slide&quot;,&quot;transition_speed&quot;:500}\" data-widget_type=\"slides.default\">\n\t\t\t\t<div class=\"elementor-widget-container\">\n\t\t\t\t\t<div class=\"elementor-swiper\">\n\t\t\t<div class=\"elementor-slides-wrapper elementor-main-swiper swiper-container\" dir=\"ltr\" data-animation=\"fadeInUp\">\n\t\t\t\t<div class=\"swiper-wrapper elementor-slides\">\n\t\t\t\t\t\t\t\t\t\t<div class=\"elementor-repeater-item-3a67fa2 swiper-slide\"><div class=\"swiper-slide-bg elementor-ken-burns elementor-ken-burns--out\"><\/div><a class=\"swiper-slide-inner\" href=\"https:\/\/fusionbionic.com\/en\/lasergrip\/\"><div class=\"swiper-slide-contents\"><div class=\"elementor-slide-heading\">LaserGrip<\/div><div class=\"elementor-slide-description\">Bionisch inspirierte Mikrostrukturen f\u00fcr maximalen Halt.\nPr\u00e4zise per Laser erzeugt \u2013 f\u00fcr sichere Oberfl\u00e4chen auch bei N\u00e4sse.<\/div><div  class=\"elementor-button elementor-slide-button elementor-size-sm\">Erfahre mehr<\/div><\/div><\/a><\/div><div class=\"elementor-repeater-item-09e56f4 swiper-slide\"><div class=\"swiper-slide-bg elementor-ken-burns elementor-ken-burns--out\"><\/div><div class=\"swiper-slide-inner\" ><div class=\"swiper-slide-contents\"><div class=\"elementor-slide-heading\">SYNTECS<\/div><div class=\"elementor-slide-description\">Laserbasierte Mikrostrukturen f\u00fcr die n\u00e4chste Generation nachhaltiger Produktion.\nSkalierbare, chemiefreie Oberfl\u00e4chenfunktionalisierung mit DLIP.<\/div><div  class=\"elementor-button elementor-slide-button elementor-size-sm\">Erfahre mehr<\/div><\/div><\/div><\/div>\t\t\t\t<\/div>\n\t\t\t\t\t\t\t\t\t\t\t\t\t\t\t<div class=\"swiper-pagination\"><\/div>\n\t\t\t\t\t\t\t\t\t\t\t\t\t\t\t\t<div class=\"elementor-swiper-button elementor-swiper-button-prev\">\n\t\t\t\t\t\t\t<i aria-hidden=\"true\" class=\"eicon-chevron-left\"><\/i>\t\t\t\t\t\t\t<span class=\"elementor-screen-only\">Previous<\/span>\n\t\t\t\t\t\t<\/div>\n\t\t\t\t\t\t<div class=\"elementor-swiper-button elementor-swiper-button-next\">\n\t\t\t\t\t\t\t<i aria-hidden=\"true\" class=\"eicon-chevron-right\"><\/i>\t\t\t\t\t\t\t<span class=\"elementor-screen-only\">Next<\/span>\n\t\t\t\t\t\t<\/div>\n\t\t\t\t\t\t\t\t\t\t\t\t<\/div>\n\t\t<\/div>\n\t\t\t\t<\/div>\n\t\t\t\t<\/div>\n\t\t\t\t\t\t<\/div>\n\t\t\t\t\t<\/div>\n\t\t<\/div>\n\t\t\t\t\t\t\t\t<\/div>\n\t\t\t\t\t<\/div>\n\t\t<\/section>\n\t\t\t\t\t\t<\/div>\n\t\t\t\t\t<\/div>\n\t\t<\/div>\n\t\t\t\t\t\t\t\t<\/div>\n\t\t\t\t\t<\/div>\n\t\t<\/section>\n\t\t\t\t<section class=\"elementor-section elementor-top-section elementor-element elementor-element-5583620 elementor-section-boxed elementor-section-height-default elementor-section-height-default\" data-id=\"5583620\" data-element_type=\"section\">\n\t\t\t\t\t\t<div class=\"elementor-container elementor-column-gap-default\">\n\t\t\t\t\t\t\t<div class=\"elementor-row\">\n\t\t\t\t\t<div class=\"elementor-column elementor-col-100 elementor-top-column elementor-element elementor-element-3d48cc0\" data-id=\"3d48cc0\" data-element_type=\"column\">\n\t\t\t<div class=\"elementor-column-wrap elementor-element-populated\">\n\t\t\t\t\t\t\t<div class=\"elementor-widget-wrap\">\n\t\t\t\t\t\t<div class=\"elementor-element elementor-element-f09877c elementor-widget-divider--view-line elementor-widget elementor-widget-divider\" data-id=\"f09877c\" data-element_type=\"widget\" data-widget_type=\"divider.default\">\n\t\t\t\t<div class=\"elementor-widget-container\">\n\t\t\t\t\t<div class=\"elementor-divider\">\n\t\t\t<span class=\"elementor-divider-separator\">\n\t\t\t\t\t\t<\/span>\n\t\t<\/div>\n\t\t\t\t<\/div>\n\t\t\t\t<\/div>\n\t\t\t\t\t\t<\/div>\n\t\t\t\t\t<\/div>\n\t\t<\/div>\n\t\t\t\t\t\t\t\t<\/div>\n\t\t\t\t\t<\/div>\n\t\t<\/section>\n\t\t\t\t<section class=\"elementor-section elementor-top-section elementor-element elementor-element-7e548d5 elementor-section-boxed elementor-section-height-default elementor-section-height-default\" data-id=\"7e548d5\" data-element_type=\"section\">\n\t\t\t\t\t\t<div class=\"elementor-container elementor-column-gap-default\">\n\t\t\t\t\t\t\t<div class=\"elementor-row\">\n\t\t\t\t\t<div class=\"elementor-column elementor-col-33 elementor-top-column elementor-element elementor-element-a763aae\" data-id=\"a763aae\" data-element_type=\"column\">\n\t\t\t<div class=\"elementor-column-wrap\">\n\t\t\t\t\t\t\t<div class=\"elementor-widget-wrap\">\n\t\t\t\t\t\t\t\t<\/div>\n\t\t\t\t\t<\/div>\n\t\t<\/div>\n\t\t\t\t<div class=\"elementor-column elementor-col-33 elementor-top-column elementor-element elementor-element-9bbde36\" data-id=\"9bbde36\" data-element_type=\"column\">\n\t\t\t<div class=\"elementor-column-wrap elementor-element-populated\">\n\t\t\t\t\t\t\t<div class=\"elementor-widget-wrap\">\n\t\t\t\t\t\t<div class=\"elementor-element elementor-element-0c470aa elementor-widget elementor-widget-text-editor\" data-id=\"0c470aa\" data-element_type=\"widget\" data-widget_type=\"text-editor.default\">\n\t\t\t\t<div class=\"elementor-widget-container\">\n\t\t\t\t\t\t\t\t<div class=\"elementor-text-editor elementor-clearfix\">\n\t\t\t\t<p style=\"text-align: center;\">Von der Idee zur Anwendung \u2013 gemeinsam.<br data-start=\"862\" data-end=\"865\" \/>Sprechen Sie mit uns \u00fcber Ihr Projekt.<\/p>\t\t\t\t\t<\/div>\n\t\t\t\t\t\t<\/div>\n\t\t\t\t<\/div>\n\t\t\t\t<div class=\"elementor-element elementor-element-ef39393 elementor-align-center elementor-widget elementor-widget-button\" data-id=\"ef39393\" data-element_type=\"widget\" data-widget_type=\"button.default\">\n\t\t\t\t<div class=\"elementor-widget-container\">\n\t\t\t\t\t<div class=\"elementor-button-wrapper\">\n\t\t\t<a class=\"elementor-button elementor-button-link elementor-size-sm\" href=\"https:\/\/fusionbionic.com\/en\/kontakt\/\" id=\"FuE-Kontakt\">\n\t\t\t\t\t\t<span class=\"elementor-button-content-wrapper\">\n\t\t\t\t\t\t<span class=\"elementor-button-text\">Kontaktieren Sie uns<\/span>\n\t\t<\/span>\n\t\t\t\t\t<\/a>\n\t\t<\/div>\n\t\t\t\t<\/div>\n\t\t\t\t<\/div>\n\t\t\t\t\t\t<\/div>\n\t\t\t\t\t<\/div>\n\t\t<\/div>\n\t\t\t\t<div class=\"elementor-column elementor-col-33 elementor-top-column elementor-element elementor-element-a076efc\" data-id=\"a076efc\" data-element_type=\"column\">\n\t\t\t<div class=\"elementor-column-wrap\">\n\t\t\t\t\t\t\t<div class=\"elementor-widget-wrap\">\n\t\t\t\t\t\t\t\t<\/div>\n\t\t\t\t\t<\/div>\n\t\t<\/div>\n\t\t\t\t\t\t\t\t<\/div>\n\t\t\t\t\t<\/div>\n\t\t<\/section>\n\t\t\t\t\t\t\t\t\t<\/div>\n\t\t\t<\/div>\n\t\t\t\t\t<\/div>","protected":false},"excerpt":{"rendered":"<p>Unsere Forschungsprojekte Innovation ist kein Zufall Sie entsteht dort, wo physikalisches Verst\u00e4ndnis auf industrielle Umsetzung trifft.Unsere F\u00f6rderprojekte sind genau dieser Ort: Hier entwickeln wir Technologien, die naturinspirierte Oberfl\u00e4chenfunktionen skalierbar machen \u2013 pr\u00e4zise, effizient und ohne chemische Prozesse. Jedes Projekt bringt uns einen Schritt n\u00e4her an die industrielle Nutzung von Biomimikry. W\u00e4hle ein Projekt und entdecke, [&hellip;]<\/p>","protected":false},"author":2,"featured_media":3926,"parent":0,"menu_order":0,"comment_status":"closed","ping_status":"closed","template":"","meta":{"footnotes":""},"class_list":["post-3933","page","type-page","status-publish","has-post-thumbnail","hentry"],"yoast_head":"<!-- This site is optimized with the Yoast SEO plugin v20.13 - https:\/\/yoast.com\/wordpress\/plugins\/seo\/ -->\n<title>F\u00f6rderprojekte - FUSIONBIONIC<\/title>\n<meta name=\"robots\" content=\"index, follow, max-snippet:-1, max-image-preview:large, max-video-preview:-1\" \/>\n<link rel=\"canonical\" href=\"https:\/\/fusionbionic.com\/en\/foerderprojekte\/\" \/>\n<meta property=\"og:locale\" content=\"en_US\" \/>\n<meta property=\"og:type\" content=\"article\" \/>\n<meta property=\"og:title\" content=\"F\u00f6rderprojekte - FUSIONBIONIC\" \/>\n<meta property=\"og:description\" content=\"Unsere Forschungsprojekte Innovation ist kein Zufall Sie entsteht dort, wo physikalisches Verst\u00e4ndnis auf industrielle Umsetzung trifft.Unsere F\u00f6rderprojekte sind genau dieser Ort: Hier entwickeln wir Technologien, die naturinspirierte Oberfl\u00e4chenfunktionen skalierbar machen \u2013 pr\u00e4zise, effizient und ohne chemische Prozesse. Jedes Projekt bringt uns einen Schritt n\u00e4her an die industrielle Nutzung von Biomimikry. W\u00e4hle ein Projekt und entdecke, [&hellip;]\" \/>\n<meta property=\"og:url\" content=\"https:\/\/fusionbionic.com\/en\/foerderprojekte\/\" \/>\n<meta property=\"og:site_name\" content=\"FUSIONBIONIC\" \/>\n<meta property=\"article:modified_time\" content=\"2026-04-24T16:27:50+00:00\" \/>\n<meta property=\"og:image\" content=\"https:\/\/fusionbionic.com\/wp-content\/uploads\/2025\/02\/Fusion_Bionic_AntiFogging_Oberflaeche3x-scaled.jpg\" \/>\n\t<meta property=\"og:image:width\" content=\"2560\" \/>\n\t<meta property=\"og:image:height\" content=\"1707\" \/>\n\t<meta property=\"og:image:type\" content=\"image\/jpeg\" \/>\n<meta name=\"twitter:card\" content=\"summary_large_image\" \/>\n<meta name=\"twitter:site\" content=\"@FusionBionic\" \/>\n<meta name=\"twitter:label1\" content=\"Est. reading time\" \/>\n\t<meta name=\"twitter:data1\" content=\"2 minutes\" \/>\n<script type=\"application\/ld+json\" class=\"yoast-schema-graph\">{\"@context\":\"https:\/\/schema.org\",\"@graph\":[{\"@type\":\"WebPage\",\"@id\":\"https:\/\/fusionbionic.com\/foerderprojekte\/\",\"url\":\"https:\/\/fusionbionic.com\/foerderprojekte\/\",\"name\":\"F\u00f6rderprojekte - FUSIONBIONIC\",\"isPartOf\":{\"@id\":\"https:\/\/fusionbionic.com\/#website\"},\"datePublished\":\"2023-04-24T14:54:13+00:00\",\"dateModified\":\"2026-04-24T16:27:50+00:00\",\"breadcrumb\":{\"@id\":\"https:\/\/fusionbionic.com\/foerderprojekte\/#breadcrumb\"},\"inLanguage\":\"en-US\",\"potentialAction\":[{\"@type\":\"ReadAction\",\"target\":[\"https:\/\/fusionbionic.com\/foerderprojekte\/\"]}]},{\"@type\":\"BreadcrumbList\",\"@id\":\"https:\/\/fusionbionic.com\/foerderprojekte\/#breadcrumb\",\"itemListElement\":[{\"@type\":\"ListItem\",\"position\":1,\"name\":\"Startseite\",\"item\":\"https:\/\/fusionbionic.com\/\"},{\"@type\":\"ListItem\",\"position\":2,\"name\":\"F\u00f6rderprojekte\"}]},{\"@type\":\"WebSite\",\"@id\":\"https:\/\/fusionbionic.com\/#website\",\"url\":\"https:\/\/fusionbionic.com\/\",\"name\":\"FUSIONBIONIC\",\"description\":\"\",\"publisher\":{\"@id\":\"https:\/\/fusionbionic.com\/#organization\"},\"potentialAction\":[{\"@type\":\"SearchAction\",\"target\":{\"@type\":\"EntryPoint\",\"urlTemplate\":\"https:\/\/fusionbionic.com\/?s={search_term_string}\"},\"query-input\":\"required name=search_term_string\"}],\"inLanguage\":\"en-US\"},{\"@type\":\"Organization\",\"@id\":\"https:\/\/fusionbionic.com\/#organization\",\"name\":\"Fusion Bionic\",\"url\":\"https:\/\/fusionbionic.com\/\",\"logo\":{\"@type\":\"ImageObject\",\"inLanguage\":\"en-US\",\"@id\":\"https:\/\/fusionbionic.com\/#\/schema\/logo\/image\/\",\"url\":\"https:\/\/fusionbionic.com\/wp-content\/uploads\/2022\/02\/211110_FB_Logo_RGB_Original.png\",\"contentUrl\":\"https:\/\/fusionbionic.com\/wp-content\/uploads\/2022\/02\/211110_FB_Logo_RGB_Original.png\",\"width\":1000,\"height\":400,\"caption\":\"Fusion Bionic\"},\"image\":{\"@id\":\"https:\/\/fusionbionic.com\/#\/schema\/logo\/image\/\"},\"sameAs\":[\"https:\/\/twitter.com\/FusionBionic\",\"http:\/\/www.linkedin.com\/company\/fusion-bionic-gmbh\/\"]}]}<\/script>\n<!-- \/ Yoast SEO plugin. -->","yoast_head_json":{"title":"F\u00f6rderprojekte - FUSIONBIONIC","robots":{"index":"index","follow":"follow","max-snippet":"max-snippet:-1","max-image-preview":"max-image-preview:large","max-video-preview":"max-video-preview:-1"},"canonical":"https:\/\/fusionbionic.com\/en\/foerderprojekte\/","og_locale":"en_US","og_type":"article","og_title":"F\u00f6rderprojekte - FUSIONBIONIC","og_description":"Unsere Forschungsprojekte Innovation ist kein Zufall Sie entsteht dort, wo physikalisches Verst\u00e4ndnis auf industrielle Umsetzung trifft.Unsere F\u00f6rderprojekte sind genau dieser Ort: Hier entwickeln wir Technologien, die naturinspirierte Oberfl\u00e4chenfunktionen skalierbar machen \u2013 pr\u00e4zise, effizient und ohne chemische Prozesse. Jedes Projekt bringt uns einen Schritt n\u00e4her an die industrielle Nutzung von Biomimikry. W\u00e4hle ein Projekt und entdecke, [&hellip;]","og_url":"https:\/\/fusionbionic.com\/en\/foerderprojekte\/","og_site_name":"FUSIONBIONIC","article_modified_time":"2026-04-24T16:27:50+00:00","og_image":[{"width":2560,"height":1707,"url":"https:\/\/fusionbionic.com\/wp-content\/uploads\/2025\/02\/Fusion_Bionic_AntiFogging_Oberflaeche3x-scaled.jpg","type":"image\/jpeg"}],"twitter_card":"summary_large_image","twitter_site":"@FusionBionic","twitter_misc":{"Est. reading time":"2 minutes"},"schema":{"@context":"https:\/\/schema.org","@graph":[{"@type":"WebPage","@id":"https:\/\/fusionbionic.com\/foerderprojekte\/","url":"https:\/\/fusionbionic.com\/foerderprojekte\/","name":"F\u00f6rderprojekte - FUSIONBIONIC","isPartOf":{"@id":"https:\/\/fusionbionic.com\/#website"},"datePublished":"2023-04-24T14:54:13+00:00","dateModified":"2026-04-24T16:27:50+00:00","breadcrumb":{"@id":"https:\/\/fusionbionic.com\/foerderprojekte\/#breadcrumb"},"inLanguage":"en-US","potentialAction":[{"@type":"ReadAction","target":["https:\/\/fusionbionic.com\/foerderprojekte\/"]}]},{"@type":"BreadcrumbList","@id":"https:\/\/fusionbionic.com\/foerderprojekte\/#breadcrumb","itemListElement":[{"@type":"ListItem","position":1,"name":"Startseite","item":"https:\/\/fusionbionic.com\/"},{"@type":"ListItem","position":2,"name":"F\u00f6rderprojekte"}]},{"@type":"WebSite","@id":"https:\/\/fusionbionic.com\/#website","url":"https:\/\/fusionbionic.com\/","name":"FUSIONBIONIC","description":"","publisher":{"@id":"https:\/\/fusionbionic.com\/#organization"},"potentialAction":[{"@type":"SearchAction","target":{"@type":"EntryPoint","urlTemplate":"https:\/\/fusionbionic.com\/?s={search_term_string}"},"query-input":"required name=search_term_string"}],"inLanguage":"en-US"},{"@type":"Organization","@id":"https:\/\/fusionbionic.com\/#organization","name":"Fusion Bionic","url":"https:\/\/fusionbionic.com\/","logo":{"@type":"ImageObject","inLanguage":"en-US","@id":"https:\/\/fusionbionic.com\/#\/schema\/logo\/image\/","url":"https:\/\/fusionbionic.com\/wp-content\/uploads\/2022\/02\/211110_FB_Logo_RGB_Original.png","contentUrl":"https:\/\/fusionbionic.com\/wp-content\/uploads\/2022\/02\/211110_FB_Logo_RGB_Original.png","width":1000,"height":400,"caption":"Fusion Bionic"},"image":{"@id":"https:\/\/fusionbionic.com\/#\/schema\/logo\/image\/"},"sameAs":["https:\/\/twitter.com\/FusionBionic","http:\/\/www.linkedin.com\/company\/fusion-bionic-gmbh\/"]}]}},"_links":{"self":[{"href":"https:\/\/fusionbionic.com\/en\/wp-json\/wp\/v2\/pages\/3933","targetHints":{"allow":["GET"]}}],"collection":[{"href":"https:\/\/fusionbionic.com\/en\/wp-json\/wp\/v2\/pages"}],"about":[{"href":"https:\/\/fusionbionic.com\/en\/wp-json\/wp\/v2\/types\/page"}],"author":[{"embeddable":true,"href":"https:\/\/fusionbionic.com\/en\/wp-json\/wp\/v2\/users\/2"}],"replies":[{"embeddable":true,"href":"https:\/\/fusionbionic.com\/en\/wp-json\/wp\/v2\/comments?post=3933"}],"version-history":[{"count":24,"href":"https:\/\/fusionbionic.com\/en\/wp-json\/wp\/v2\/pages\/3933\/revisions"}],"predecessor-version":[{"id":3979,"href":"https:\/\/fusionbionic.com\/en\/wp-json\/wp\/v2\/pages\/3933\/revisions\/3979"}],"wp:featuredmedia":[{"embeddable":true,"href":"https:\/\/fusionbionic.com\/en\/wp-json\/wp\/v2\/media\/3926"}],"wp:attachment":[{"href":"https:\/\/fusionbionic.com\/en\/wp-json\/wp\/v2\/media?parent=3933"}],"curies":[{"name":"wp","href":"https:\/\/api.w.org\/{rel}","templated":true}]}}