{"id":3952,"date":"2023-09-24T17:13:42","date_gmt":"2023-09-24T15:13:42","guid":{"rendered":"https:\/\/fusionbionic.com\/?page_id=3952"},"modified":"2026-04-24T18:26:05","modified_gmt":"2026-04-24T16:26:05","slug":"lasergrip","status":"publish","type":"page","link":"https:\/\/fusionbionic.com\/en\/foerderprojekte\/lasergrip\/","title":{"rendered":"LaserGrip"},"content":{"rendered":"<div data-elementor-type=\"wp-page\" data-elementor-id=\"3952\" class=\"elementor elementor-3952\">\n\t\t\t\t\t\t<div class=\"elementor-inner\">\n\t\t\t\t<div class=\"elementor-section-wrap\">\n\t\t\t\t\t\t\t\t\t<section class=\"elementor-section elementor-top-section elementor-element elementor-element-22ddcf3 elementor-section-boxed elementor-section-height-default elementor-section-height-default\" data-id=\"22ddcf3\" data-element_type=\"section\">\n\t\t\t\t\t\t<div class=\"elementor-container elementor-column-gap-default\">\n\t\t\t\t\t\t\t<div class=\"elementor-row\">\n\t\t\t\t\t<div class=\"elementor-column elementor-col-100 elementor-top-column elementor-element elementor-element-91b1a42\" data-id=\"91b1a42\" data-element_type=\"column\">\n\t\t\t<div class=\"elementor-column-wrap elementor-element-populated\">\n\t\t\t\t\t\t\t<div class=\"elementor-widget-wrap\">\n\t\t\t\t\t\t<div class=\"elementor-element elementor-element-930c6a5 elementor-widget elementor-widget-spacer\" data-id=\"930c6a5\" data-element_type=\"widget\" data-widget_type=\"spacer.default\">\n\t\t\t\t<div class=\"elementor-widget-container\">\n\t\t\t\t\t<div class=\"elementor-spacer\">\n\t\t\t<div class=\"elementor-spacer-inner\"><\/div>\n\t\t<\/div>\n\t\t\t\t<\/div>\n\t\t\t\t<\/div>\n\t\t\t\t\t\t<\/div>\n\t\t\t\t\t<\/div>\n\t\t<\/div>\n\t\t\t\t\t\t\t\t<\/div>\n\t\t\t\t\t<\/div>\n\t\t<\/section>\n\t\t\t\t<section class=\"elementor-section elementor-top-section elementor-element elementor-element-ede0745 elementor-section-boxed elementor-section-height-default elementor-section-height-default\" data-id=\"ede0745\" data-element_type=\"section\">\n\t\t\t\t\t\t<div class=\"elementor-container elementor-column-gap-default\">\n\t\t\t\t\t\t\t<div class=\"elementor-row\">\n\t\t\t\t\t<div class=\"elementor-column elementor-col-100 elementor-top-column elementor-element elementor-element-334afb9\" data-id=\"334afb9\" data-element_type=\"column\">\n\t\t\t<div class=\"elementor-column-wrap elementor-element-populated\">\n\t\t\t\t\t\t\t<div class=\"elementor-widget-wrap\">\n\t\t\t\t\t\t<div class=\"elementor-element elementor-element-9cc3aac elementor-widget elementor-widget-heading\" data-id=\"9cc3aac\" data-element_type=\"widget\" data-widget_type=\"heading.default\">\n\t\t\t\t<div class=\"elementor-widget-container\">\n\t\t\t<h2 class=\"elementor-heading-title elementor-size-default\">LaserGrip \u2013 Rutschhemmung neu gedacht<\/h2>\t\t<\/div>\n\t\t\t\t<\/div>\n\t\t\t\t\t\t<\/div>\n\t\t\t\t\t<\/div>\n\t\t<\/div>\n\t\t\t\t\t\t\t\t<\/div>\n\t\t\t\t\t<\/div>\n\t\t<\/section>\n\t\t\t\t<section class=\"elementor-section elementor-top-section elementor-element elementor-element-2fe273c elementor-section-boxed elementor-section-height-default elementor-section-height-default\" data-id=\"2fe273c\" data-element_type=\"section\">\n\t\t\t\t\t\t<div class=\"elementor-container elementor-column-gap-default\">\n\t\t\t\t\t\t\t<div class=\"elementor-row\">\n\t\t\t\t\t<div class=\"elementor-column elementor-col-33 elementor-top-column elementor-element elementor-element-fa17252\" data-id=\"fa17252\" data-element_type=\"column\">\n\t\t\t<div class=\"elementor-column-wrap elementor-element-populated\">\n\t\t\t\t\t\t\t<div class=\"elementor-widget-wrap\">\n\t\t\t\t\t\t<div class=\"elementor-element elementor-element-b1d9da9 elementor-widget elementor-widget-image\" data-id=\"b1d9da9\" data-element_type=\"widget\" data-widget_type=\"image.default\">\n\t\t\t\t<div class=\"elementor-widget-container\">\n\t\t\t\t\t\t\t\t<div class=\"elementor-image\">\n\t\t\t\t\t\t\t\t\t\t\t\t<img loading=\"lazy\" decoding=\"async\" width=\"800\" height=\"147\" src=\"https:\/\/fusionbionic.com\/wp-content\/uploads\/2026\/04\/EFRE-ESF_LO_Kombination_EU-Logo_SachsenSignet-klassisch_H_RGB-1024x188.png\" class=\"attachment-large size-large wp-image-3955\" alt=\"\" srcset=\"https:\/\/fusionbionic.com\/wp-content\/uploads\/2026\/04\/EFRE-ESF_LO_Kombination_EU-Logo_SachsenSignet-klassisch_H_RGB-1024x188.png 1024w, https:\/\/fusionbionic.com\/wp-content\/uploads\/2026\/04\/EFRE-ESF_LO_Kombination_EU-Logo_SachsenSignet-klassisch_H_RGB-300x55.png 300w, https:\/\/fusionbionic.com\/wp-content\/uploads\/2026\/04\/EFRE-ESF_LO_Kombination_EU-Logo_SachsenSignet-klassisch_H_RGB-768x141.png 768w, https:\/\/fusionbionic.com\/wp-content\/uploads\/2026\/04\/EFRE-ESF_LO_Kombination_EU-Logo_SachsenSignet-klassisch_H_RGB-1536x282.png 1536w, https:\/\/fusionbionic.com\/wp-content\/uploads\/2026\/04\/EFRE-ESF_LO_Kombination_EU-Logo_SachsenSignet-klassisch_H_RGB-18x3.png 18w, https:\/\/fusionbionic.com\/wp-content\/uploads\/2026\/04\/EFRE-ESF_LO_Kombination_EU-Logo_SachsenSignet-klassisch_H_RGB.png 2011w\" sizes=\"auto, (max-width: 800px) 100vw, 800px\" \/>\t\t\t\t\t\t\t\t\t\t\t\t\t\t<\/div>\n\t\t\t\t\t\t<\/div>\n\t\t\t\t<\/div>\n\t\t\t\t<div class=\"elementor-element elementor-element-aa14e57 elementor-widget elementor-widget-image\" data-id=\"aa14e57\" data-element_type=\"widget\" data-widget_type=\"image.default\">\n\t\t\t\t<div class=\"elementor-widget-container\">\n\t\t\t\t\t\t\t\t<div class=\"elementor-image\">\n\t\t\t\t\t\t\t\t\t\t\t\t<img loading=\"lazy\" decoding=\"async\" width=\"800\" height=\"640\" src=\"https:\/\/fusionbionic.com\/wp-content\/uploads\/2026\/04\/Bild_PolarBear-1024x819.png\" class=\"attachment-large size-large wp-image-3936\" alt=\"Polar Bear Paw on tiles\" srcset=\"https:\/\/fusionbionic.com\/wp-content\/uploads\/2026\/04\/Bild_PolarBear-1024x819.png 1024w, https:\/\/fusionbionic.com\/wp-content\/uploads\/2026\/04\/Bild_PolarBear-300x240.png 300w, https:\/\/fusionbionic.com\/wp-content\/uploads\/2026\/04\/Bild_PolarBear-768x615.png 768w, https:\/\/fusionbionic.com\/wp-content\/uploads\/2026\/04\/Bild_PolarBear-15x12.png 15w, https:\/\/fusionbionic.com\/wp-content\/uploads\/2026\/04\/Bild_PolarBear.png 1402w\" sizes=\"auto, (max-width: 800px) 100vw, 800px\" \/>\t\t\t\t\t\t\t\t\t\t\t\t\t\t<\/div>\n\t\t\t\t\t\t<\/div>\n\t\t\t\t<\/div>\n\t\t\t\t\t\t<\/div>\n\t\t\t\t\t<\/div>\n\t\t<\/div>\n\t\t\t\t<div class=\"elementor-column elementor-col-66 elementor-top-column elementor-element elementor-element-dd51fdd\" data-id=\"dd51fdd\" data-element_type=\"column\">\n\t\t\t<div class=\"elementor-column-wrap elementor-element-populated\">\n\t\t\t\t\t\t\t<div class=\"elementor-widget-wrap\">\n\t\t\t\t\t\t<div class=\"elementor-element elementor-element-56f9f9a elementor-widget elementor-widget-text-editor\" data-id=\"56f9f9a\" data-element_type=\"widget\" data-widget_type=\"text-editor.default\">\n\t\t\t\t<div class=\"elementor-widget-container\">\n\t\t\t\t\t\t\t\t<div class=\"elementor-text-editor elementor-clearfix\">\n\t\t\t\t<p data-start=\"153\" data-end=\"269\">Was, wenn rutschfeste Oberfl\u00e4chen ganz ohne Chemie auskommen w\u00fcrden?<br data-start=\"221\" data-end=\"224\" \/>Mit <em data-start=\"228\" data-end=\"239\">LaserGrip<\/em> machen wir genau das m\u00f6glich.<\/p><p data-start=\"271\" data-end=\"567\">Statt auf klassische \u00c4tzverfahren setzen wir auf unsere <strong data-start=\"327\" data-end=\"386\">DLIP-Technologie (Direct Laser Interference Patterning)<\/strong> \u2013 ein ultraschnelles Laserverfahren, das Oberfl\u00e4chen pr\u00e4zise und nachhaltig funktionalisiert. Mikro- und Nanostrukturen entstehen direkt durch Licht \u2013 ganz ohne chemische Prozesse.<\/p><p data-start=\"569\" data-end=\"762\">Inspiriert von der Natur, etwa den fein strukturierten Pfoten eines Eisb\u00e4ren, entwickeln wir <strong data-start=\"662\" data-end=\"706\">Oberfl\u00e4chen mit gezielt erh\u00f6hter Reibung<\/strong> \u2013 effizient, reproduzierbar und industriell skalierbar.<\/p><p data-start=\"764\" data-end=\"955\">Doch LaserGrip kann mehr:<br data-start=\"789\" data-end=\"792\" \/>Neben rutschhemmenden Eigenschaften entstehen <strong data-start=\"838\" data-end=\"908\">zus\u00e4tzliche Funktionen wie Selbstreinigung oder dekorative Effekte<\/strong> \u2013 kombiniert in einem einzigen Prozessschritt.<\/p><p data-start=\"957\" data-end=\"974\"><strong data-start=\"957\" data-end=\"974\">Das Ergebnis:<\/strong><\/p><ul data-start=\"975\" data-end=\"1178\"><li data-section-id=\"u9r3sw\" data-start=\"975\" data-end=\"1022\">Bis zu <strong data-start=\"984\" data-end=\"1020\">80 % geringere Produktionskosten<\/strong><\/li><li data-section-id=\"19fa1vf\" data-start=\"1023\" data-end=\"1078\"><strong data-start=\"1025\" data-end=\"1046\">Keine Chemikalien<\/strong> \u2013 kein Lagern, kein Entsorgen<\/li><li data-section-id=\"1ycqcdx\" data-start=\"1079\" data-end=\"1133\"><strong data-start=\"1081\" data-end=\"1112\">Hohe Prozessgeschwindigkeit<\/strong> und Skalierbarkeit<\/li><li data-section-id=\"1vleywv\" data-start=\"1134\" data-end=\"1178\">Neue Freiheitsgrade im Oberfl\u00e4chendesign<\/li><\/ul>\t\t\t\t\t<\/div>\n\t\t\t\t\t\t<\/div>\n\t\t\t\t<\/div>\n\t\t\t\t\t\t<\/div>\n\t\t\t\t\t<\/div>\n\t\t<\/div>\n\t\t\t\t\t\t\t\t<\/div>\n\t\t\t\t\t<\/div>\n\t\t<\/section>\n\t\t\t\t<section class=\"elementor-section elementor-top-section elementor-element elementor-element-216c0e8 elementor-section-boxed elementor-section-height-default elementor-section-height-default\" data-id=\"216c0e8\" data-element_type=\"section\">\n\t\t\t\t\t\t<div class=\"elementor-container elementor-column-gap-default\">\n\t\t\t\t\t\t\t<div class=\"elementor-row\">\n\t\t\t\t\t<div class=\"elementor-column elementor-col-100 elementor-top-column elementor-element elementor-element-5c7c206\" data-id=\"5c7c206\" data-element_type=\"column\">\n\t\t\t<div class=\"elementor-column-wrap elementor-element-populated\">\n\t\t\t\t\t\t\t<div class=\"elementor-widget-wrap\">\n\t\t\t\t\t\t<div class=\"elementor-element elementor-element-df1d9a6 elementor-widget elementor-widget-text-editor\" data-id=\"df1d9a6\" data-element_type=\"widget\" data-widget_type=\"text-editor.default\">\n\t\t\t\t<div class=\"elementor-widget-container\">\n\t\t\t\t\t\t\t\t<div class=\"elementor-text-editor elementor-clearfix\">\n\t\t\t\t<p>LaserGrip steht f\u00fcr die n\u00e4chste Generation der Oberfl\u00e4chenbearbeitung \u2013\u00a0<span style=\"font-weight: bolder;\" data-start=\"1252\" data-end=\"1312\">nachhaltig, leistungsstark und bereit f\u00fcr die Industrie.<\/span><\/p>\t\t\t\t\t<\/div>\n\t\t\t\t\t\t<\/div>\n\t\t\t\t<\/div>\n\t\t\t\t\t\t<\/div>\n\t\t\t\t\t<\/div>\n\t\t<\/div>\n\t\t\t\t\t\t\t\t<\/div>\n\t\t\t\t\t<\/div>\n\t\t<\/section>\n\t\t\t\t\t\t\t\t\t<\/div>\n\t\t\t<\/div>\n\t\t\t\t\t<\/div>","protected":false},"excerpt":{"rendered":"<p>LaserGrip \u2013 Rutschhemmung neu gedacht Was, wenn rutschfeste Oberfl\u00e4chen ganz ohne Chemie auskommen w\u00fcrden?Mit LaserGrip machen wir genau das m\u00f6glich. Statt auf klassische \u00c4tzverfahren setzen wir auf unsere DLIP-Technologie (Direct Laser Interference Patterning) \u2013 ein ultraschnelles Laserverfahren, das Oberfl\u00e4chen pr\u00e4zise und nachhaltig funktionalisiert. Mikro- und Nanostrukturen entstehen direkt durch Licht \u2013 ganz ohne chemische Prozesse. [&hellip;]<\/p>","protected":false},"author":2,"featured_media":3936,"parent":3933,"menu_order":0,"comment_status":"closed","ping_status":"closed","template":"","meta":{"footnotes":""},"class_list":["post-3952","page","type-page","status-publish","has-post-thumbnail","hentry"],"yoast_head":"<!-- This site is optimized with the Yoast SEO plugin v20.13 - https:\/\/yoast.com\/wordpress\/plugins\/seo\/ -->\n<title>LaserGrip - FUSIONBIONIC<\/title>\n<meta name=\"robots\" content=\"index, follow, max-snippet:-1, max-image-preview:large, max-video-preview:-1\" \/>\n<link rel=\"canonical\" href=\"https:\/\/fusionbionic.com\/en\/foerderprojekte\/lasergrip\/\" \/>\n<meta property=\"og:locale\" content=\"en_US\" \/>\n<meta property=\"og:type\" content=\"article\" \/>\n<meta property=\"og:title\" content=\"LaserGrip - FUSIONBIONIC\" \/>\n<meta property=\"og:description\" content=\"LaserGrip \u2013 Rutschhemmung neu gedacht Was, wenn rutschfeste Oberfl\u00e4chen ganz ohne Chemie auskommen w\u00fcrden?Mit LaserGrip machen wir genau das m\u00f6glich. Statt auf klassische \u00c4tzverfahren setzen wir auf unsere DLIP-Technologie (Direct Laser Interference Patterning) \u2013 ein ultraschnelles Laserverfahren, das Oberfl\u00e4chen pr\u00e4zise und nachhaltig funktionalisiert. Mikro- und Nanostrukturen entstehen direkt durch Licht \u2013 ganz ohne chemische Prozesse. [&hellip;]\" \/>\n<meta property=\"og:url\" content=\"https:\/\/fusionbionic.com\/en\/foerderprojekte\/lasergrip\/\" \/>\n<meta property=\"og:site_name\" content=\"FUSIONBIONIC\" \/>\n<meta property=\"article:modified_time\" content=\"2026-04-24T16:26:05+00:00\" \/>\n<meta property=\"og:image\" content=\"https:\/\/fusionbionic.com\/wp-content\/uploads\/2026\/04\/Bild_PolarBear-1024x819.png\" \/>\n\t<meta property=\"og:image:width\" content=\"1024\" \/>\n\t<meta property=\"og:image:height\" content=\"819\" \/>\n\t<meta property=\"og:image:type\" content=\"image\/png\" \/>\n<meta name=\"twitter:card\" content=\"summary_large_image\" \/>\n<meta name=\"twitter:site\" content=\"@FusionBionic\" \/>\n<meta name=\"twitter:label1\" content=\"Est. reading time\" \/>\n\t<meta name=\"twitter:data1\" content=\"2 minutes\" \/>\n<script type=\"application\/ld+json\" class=\"yoast-schema-graph\">{\"@context\":\"https:\/\/schema.org\",\"@graph\":[{\"@type\":\"WebPage\",\"@id\":\"https:\/\/fusionbionic.com\/foerderprojekte\/lasergrip\/\",\"url\":\"https:\/\/fusionbionic.com\/foerderprojekte\/lasergrip\/\",\"name\":\"LaserGrip - FUSIONBIONIC\",\"isPartOf\":{\"@id\":\"https:\/\/fusionbionic.com\/#website\"},\"datePublished\":\"2023-09-24T15:13:42+00:00\",\"dateModified\":\"2026-04-24T16:26:05+00:00\",\"breadcrumb\":{\"@id\":\"https:\/\/fusionbionic.com\/foerderprojekte\/lasergrip\/#breadcrumb\"},\"inLanguage\":\"en-US\",\"potentialAction\":[{\"@type\":\"ReadAction\",\"target\":[\"https:\/\/fusionbionic.com\/foerderprojekte\/lasergrip\/\"]}]},{\"@type\":\"BreadcrumbList\",\"@id\":\"https:\/\/fusionbionic.com\/foerderprojekte\/lasergrip\/#breadcrumb\",\"itemListElement\":[{\"@type\":\"ListItem\",\"position\":1,\"name\":\"Startseite\",\"item\":\"https:\/\/fusionbionic.com\/\"},{\"@type\":\"ListItem\",\"position\":2,\"name\":\"F\u00f6rderprojekte\",\"item\":\"https:\/\/fusionbionic.com\/foerderprojekte\/\"},{\"@type\":\"ListItem\",\"position\":3,\"name\":\"LaserGrip\"}]},{\"@type\":\"WebSite\",\"@id\":\"https:\/\/fusionbionic.com\/#website\",\"url\":\"https:\/\/fusionbionic.com\/\",\"name\":\"FUSIONBIONIC\",\"description\":\"\",\"publisher\":{\"@id\":\"https:\/\/fusionbionic.com\/#organization\"},\"potentialAction\":[{\"@type\":\"SearchAction\",\"target\":{\"@type\":\"EntryPoint\",\"urlTemplate\":\"https:\/\/fusionbionic.com\/?s={search_term_string}\"},\"query-input\":\"required name=search_term_string\"}],\"inLanguage\":\"en-US\"},{\"@type\":\"Organization\",\"@id\":\"https:\/\/fusionbionic.com\/#organization\",\"name\":\"Fusion Bionic\",\"url\":\"https:\/\/fusionbionic.com\/\",\"logo\":{\"@type\":\"ImageObject\",\"inLanguage\":\"en-US\",\"@id\":\"https:\/\/fusionbionic.com\/#\/schema\/logo\/image\/\",\"url\":\"https:\/\/fusionbionic.com\/wp-content\/uploads\/2022\/02\/211110_FB_Logo_RGB_Original.png\",\"contentUrl\":\"https:\/\/fusionbionic.com\/wp-content\/uploads\/2022\/02\/211110_FB_Logo_RGB_Original.png\",\"width\":1000,\"height\":400,\"caption\":\"Fusion Bionic\"},\"image\":{\"@id\":\"https:\/\/fusionbionic.com\/#\/schema\/logo\/image\/\"},\"sameAs\":[\"https:\/\/twitter.com\/FusionBionic\",\"http:\/\/www.linkedin.com\/company\/fusion-bionic-gmbh\/\"]}]}<\/script>\n<!-- \/ Yoast SEO plugin. -->","yoast_head_json":{"title":"LaserGrip - FUSIONBIONIC","robots":{"index":"index","follow":"follow","max-snippet":"max-snippet:-1","max-image-preview":"max-image-preview:large","max-video-preview":"max-video-preview:-1"},"canonical":"https:\/\/fusionbionic.com\/en\/foerderprojekte\/lasergrip\/","og_locale":"en_US","og_type":"article","og_title":"LaserGrip - FUSIONBIONIC","og_description":"LaserGrip \u2013 Rutschhemmung neu gedacht Was, wenn rutschfeste Oberfl\u00e4chen ganz ohne Chemie auskommen w\u00fcrden?Mit LaserGrip machen wir genau das m\u00f6glich. Statt auf klassische \u00c4tzverfahren setzen wir auf unsere DLIP-Technologie (Direct Laser Interference Patterning) \u2013 ein ultraschnelles Laserverfahren, das Oberfl\u00e4chen pr\u00e4zise und nachhaltig funktionalisiert. Mikro- und Nanostrukturen entstehen direkt durch Licht \u2013 ganz ohne chemische Prozesse. [&hellip;]","og_url":"https:\/\/fusionbionic.com\/en\/foerderprojekte\/lasergrip\/","og_site_name":"FUSIONBIONIC","article_modified_time":"2026-04-24T16:26:05+00:00","og_image":[{"width":1024,"height":819,"url":"https:\/\/fusionbionic.com\/wp-content\/uploads\/2026\/04\/Bild_PolarBear-1024x819.png","type":"image\/png"}],"twitter_card":"summary_large_image","twitter_site":"@FusionBionic","twitter_misc":{"Est. reading time":"2 minutes"},"schema":{"@context":"https:\/\/schema.org","@graph":[{"@type":"WebPage","@id":"https:\/\/fusionbionic.com\/foerderprojekte\/lasergrip\/","url":"https:\/\/fusionbionic.com\/foerderprojekte\/lasergrip\/","name":"LaserGrip - FUSIONBIONIC","isPartOf":{"@id":"https:\/\/fusionbionic.com\/#website"},"datePublished":"2023-09-24T15:13:42+00:00","dateModified":"2026-04-24T16:26:05+00:00","breadcrumb":{"@id":"https:\/\/fusionbionic.com\/foerderprojekte\/lasergrip\/#breadcrumb"},"inLanguage":"en-US","potentialAction":[{"@type":"ReadAction","target":["https:\/\/fusionbionic.com\/foerderprojekte\/lasergrip\/"]}]},{"@type":"BreadcrumbList","@id":"https:\/\/fusionbionic.com\/foerderprojekte\/lasergrip\/#breadcrumb","itemListElement":[{"@type":"ListItem","position":1,"name":"Startseite","item":"https:\/\/fusionbionic.com\/"},{"@type":"ListItem","position":2,"name":"F\u00f6rderprojekte","item":"https:\/\/fusionbionic.com\/foerderprojekte\/"},{"@type":"ListItem","position":3,"name":"LaserGrip"}]},{"@type":"WebSite","@id":"https:\/\/fusionbionic.com\/#website","url":"https:\/\/fusionbionic.com\/","name":"FUSIONBIONIC","description":"","publisher":{"@id":"https:\/\/fusionbionic.com\/#organization"},"potentialAction":[{"@type":"SearchAction","target":{"@type":"EntryPoint","urlTemplate":"https:\/\/fusionbionic.com\/?s={search_term_string}"},"query-input":"required name=search_term_string"}],"inLanguage":"en-US"},{"@type":"Organization","@id":"https:\/\/fusionbionic.com\/#organization","name":"Fusion Bionic","url":"https:\/\/fusionbionic.com\/","logo":{"@type":"ImageObject","inLanguage":"en-US","@id":"https:\/\/fusionbionic.com\/#\/schema\/logo\/image\/","url":"https:\/\/fusionbionic.com\/wp-content\/uploads\/2022\/02\/211110_FB_Logo_RGB_Original.png","contentUrl":"https:\/\/fusionbionic.com\/wp-content\/uploads\/2022\/02\/211110_FB_Logo_RGB_Original.png","width":1000,"height":400,"caption":"Fusion Bionic"},"image":{"@id":"https:\/\/fusionbionic.com\/#\/schema\/logo\/image\/"},"sameAs":["https:\/\/twitter.com\/FusionBionic","http:\/\/www.linkedin.com\/company\/fusion-bionic-gmbh\/"]}]}},"_links":{"self":[{"href":"https:\/\/fusionbionic.com\/en\/wp-json\/wp\/v2\/pages\/3952","targetHints":{"allow":["GET"]}}],"collection":[{"href":"https:\/\/fusionbionic.com\/en\/wp-json\/wp\/v2\/pages"}],"about":[{"href":"https:\/\/fusionbionic.com\/en\/wp-json\/wp\/v2\/types\/page"}],"author":[{"embeddable":true,"href":"https:\/\/fusionbionic.com\/en\/wp-json\/wp\/v2\/users\/2"}],"replies":[{"embeddable":true,"href":"https:\/\/fusionbionic.com\/en\/wp-json\/wp\/v2\/comments?post=3952"}],"version-history":[{"count":12,"href":"https:\/\/fusionbionic.com\/en\/wp-json\/wp\/v2\/pages\/3952\/revisions"}],"predecessor-version":[{"id":3976,"href":"https:\/\/fusionbionic.com\/en\/wp-json\/wp\/v2\/pages\/3952\/revisions\/3976"}],"up":[{"embeddable":true,"href":"https:\/\/fusionbionic.com\/en\/wp-json\/wp\/v2\/pages\/3933"}],"wp:featuredmedia":[{"embeddable":true,"href":"https:\/\/fusionbionic.com\/en\/wp-json\/wp\/v2\/media\/3936"}],"wp:attachment":[{"href":"https:\/\/fusionbionic.com\/en\/wp-json\/wp\/v2\/media?parent=3952"}],"curies":[{"name":"wp","href":"https:\/\/api.w.org\/{rel}","templated":true}]}}